{"id":109,"date":"2020-03-31T11:50:36","date_gmt":"2020-03-31T09:50:36","guid":{"rendered":"https:\/\/rotkaeppchen-schule.de\/?page_id=109"},"modified":"2026-04-07T19:23:56","modified_gmt":"2026-04-07T17:23:56","slug":"essensangebot","status":"publish","type":"page","link":"https:\/\/rotkaeppchen-schule.de\/?page_id=109","title":{"rendered":"Essensangebot"},"content":{"rendered":"\n<div class=\"wp-block-media-text alignwide is-stacked-on-mobile\"><figure class=\"wp-block-media-text__media\"><img loading=\"lazy\" decoding=\"async\" width=\"2560\" height=\"1920\" src=\"https:\/\/rotkaeppchen-schule.de\/wp-content\/uploads\/2020\/06\/20200331_162535-scaled.jpg\" alt=\"\" class=\"wp-image-899 size-full\" srcset=\"https:\/\/rotkaeppchen-schule.de\/wp-content\/uploads\/2020\/06\/20200331_162535-scaled.jpg 2560w, https:\/\/rotkaeppchen-schule.de\/wp-content\/uploads\/2020\/06\/20200331_162535-300x225.jpg 300w, https:\/\/rotkaeppchen-schule.de\/wp-content\/uploads\/2020\/06\/20200331_162535-768x576.jpg 768w, https:\/\/rotkaeppchen-schule.de\/wp-content\/uploads\/2020\/06\/20200331_162535-1536x1152.jpg 1536w, https:\/\/rotkaeppchen-schule.de\/wp-content\/uploads\/2020\/06\/20200331_162535-2048x1536.jpg 2048w, https:\/\/rotkaeppchen-schule.de\/wp-content\/uploads\/2020\/06\/20200331_162535-830x623.jpg 830w, https:\/\/rotkaeppchen-schule.de\/wp-content\/uploads\/2020\/06\/20200331_162535-230x173.jpg 230w, https:\/\/rotkaeppchen-schule.de\/wp-content\/uploads\/2020\/06\/20200331_162535-350x263.jpg 350w, https:\/\/rotkaeppchen-schule.de\/wp-content\/uploads\/2020\/06\/20200331_162535-480x360.jpg 480w\" sizes=\"auto, (max-width: 2560px) 100vw, 2560px\" \/><\/figure><div class=\"wp-block-media-text__content\">\n<p>Die Sch\u00fclerinnen und Sch\u00fcler der Rotk\u00e4ppchen-Schule die f\u00fcr das Ganztagsangebot angemeldet sind, haben die M\u00f6glichkeit t\u00e4glich am Mittagessen teilzunehmen. <\/p>\n\n\n\n<p>Das Mittagessen wird frisch von der Firma EssPunkt aus Ziegenhain angeliefert und von unserer K\u00fcchenfee an die Kinder verteilt. <a href=\"http:\/\/www.esspunkt.de\">Hier k\u00f6nnen Sie den Essensplan f\u00fcr die kommende Woche einsehen. <\/a><\/p>\n\n\n\n<p>Die Anmeldung zum Mittagessen l\u00e4uft \u00fcber den F\u00f6rderverein der gemeinsamen Willingsh\u00e4user Grundschule e.V. , der auch f\u00fcr die monatliche Abrechnung des Mittagessens zust\u00e4ndig ist. <\/p>\n\n\n\n<p>Der Einzelpreis betr\u00e4gt 4,00\u20ac pro Mahlzeit. Abgerechnet wird das Mittagessen \u00fcber eine monatliche Essenspauschale, die regelm\u00e4\u00dfig am Anfang eines Monats abgebucht wird.<\/p>\n<\/div><\/div>\n\n\n\n<p>Die Anmeldung zum Mittagessen muss jedes Jahr erneut aufgef\u00fcllt werden, sie verl\u00e4ngert sich <strong>nicht automatisch! <\/strong><\/p>\n\n\n\n<p><a rel=\"noreferrer noopener\" href=\"https:\/\/rotkaeppchen-schule.de\/wp-content\/uploads\/2020\/06\/Einzugsermaechtigung.pdf\" target=\"_blank\">Die Einzugserm\u00e4chtigung<\/a> muss nur ausgef\u00fcllt werden, wenn Sie Ihr Kind das erste Mal zum Mittagessen anmelden.&nbsp;<\/p>\n","protected":false},"excerpt":{"rendered":"<p>Die Sch\u00fclerinnen und Sch\u00fcler der Rotk\u00e4ppchen-Schule die f\u00fcr das Ganztagsangebot angemeldet sind, haben die M\u00f6glichkeit t\u00e4glich am Mittagessen teilzunehmen. Das Mittagessen wird [&hellip;]<\/p>\n","protected":false},"author":3,"featured_media":0,"parent":42,"menu_order":0,"comment_status":"closed","ping_status":"closed","template":"page-templates\/page_fullwidth.php","meta":{"footnotes":""},"class_list":["post-109","page","type-page","status-publish","hentry"],"_links":{"self":[{"href":"https:\/\/rotkaeppchen-schule.de\/index.php?rest_route=\/wp\/v2\/pages\/109","targetHints":{"allow":["GET"]}}],"collection":[{"href":"https:\/\/rotkaeppchen-schule.de\/index.php?rest_route=\/wp\/v2\/pages"}],"about":[{"href":"https:\/\/rotkaeppchen-schule.de\/index.php?rest_route=\/wp\/v2\/types\/page"}],"author":[{"embeddable":true,"href":"https:\/\/rotkaeppchen-schule.de\/index.php?rest_route=\/wp\/v2\/users\/3"}],"replies":[{"embeddable":true,"href":"https:\/\/rotkaeppchen-schule.de\/index.php?rest_route=%2Fwp%2Fv2%2Fcomments&post=109"}],"version-history":[{"count":19,"href":"https:\/\/rotkaeppchen-schule.de\/index.php?rest_route=\/wp\/v2\/pages\/109\/revisions"}],"predecessor-version":[{"id":2885,"href":"https:\/\/rotkaeppchen-schule.de\/index.php?rest_route=\/wp\/v2\/pages\/109\/revisions\/2885"}],"up":[{"embeddable":true,"href":"https:\/\/rotkaeppchen-schule.de\/index.php?rest_route=\/wp\/v2\/pages\/42"}],"wp:attachment":[{"href":"https:\/\/rotkaeppchen-schule.de\/index.php?rest_route=%2Fwp%2Fv2%2Fmedia&parent=109"}],"curies":[{"name":"wp","href":"https:\/\/api.w.org\/{rel}","templated":true}]}}